{"id":615,"date":"2024-01-05T10:39:14","date_gmt":"2024-01-05T09:39:14","guid":{"rendered":"https:\/\/longitudezen.be\/?page_id=615"},"modified":"2024-01-05T10:39:15","modified_gmt":"2024-01-05T09:39:15","slug":"informations","status":"publish","type":"page","link":"https:\/\/longitudezen.be\/?page_id=615","title":{"rendered":"Informations"},"content":{"rendered":"\n  \n    <section class=\"u-clearfix u-palette-2-base u-section-1\" id=\"sec-2b95\">\n      <div class=\"u-clearfix u-sheet u-sheet-1\">\n        <p class=\"u-align-justify u-custom-font u-heading-font u-large-text u-text u-text-default u-text-variant u-text-1\"> Notre sp\u00e9cificit\u00e9 est d\u2019\u00eatre\nmasso-th\u00e9rapeute-\u00e9nerg\u00e9ticien, le massage est le terreau de notre p\u200bratique,\nl\u2019aspect \u00e9nerg\u00e9tique en est l\u2019alimentation et le th\u00e9rapeute habite cette\npratique.<\/p>\n        <div class=\"u-expanded-width u-tab-links-align-justify u-tabs u-tabs-1\">\n          <ul class=\"u-spacing-15 u-tab-list u-unstyled\" role=\"tablist\"><li class=\"u-tab-item u-tab-item-1\" role=\"presentation\"><a class=\"active u-active-white u-black u-button-style u-custom-font u-heading-font u-hover-palette-2-light-2 u-tab-link u-text-active-black u-text-hover-black u-tab-link-1\" id=\"link-tab-e64e\" href=\"#tab-e64e\" role=\"tab\"> Vos besoins<\/a>\n<\/li><li class=\"u-tab-item u-tab-item-2\" role=\"presentation\"><a class=\"u-active-white u-black u-button-style u-custom-font u-heading-font u-hover-palette-2-light-2 u-tab-link u-text-active-black u-text-hover-black u-tab-link-2\" id=\"link-tab-a4c4\" href=\"#tab-a4c4\" role=\"tab\"> Nos moyens<\/a>\n<\/li><li class=\"u-tab-item u-tab-item-3\" role=\"presentation\"><a class=\"u-active-white u-black u-button-style u-custom-font u-heading-font u-hover-palette-2-light-2 u-tab-link u-text-active-black u-text-hover-black u-tab-link-3\" id=\"link-tab-135b\" href=\"#tab-135b\" role=\"tab\">Nos influences<\/a>\n<\/li><li class=\"u-tab-item u-tab-item-4\" role=\"presentation\"><a class=\"u-active-white u-black u-button-style u-custom-font u-heading-font u-hover-palette-2-light-2 u-tab-link u-text-active-black u-text-hover-black u-tab-link-4\" id=\"link-tab-2520\" href=\"#tab-2520\" role=\"tab\"> Notre protocole<\/a>\n<\/li><\/ul>\n          <div class=\"u-tab-content\">\n            <div class=\"u-align-justify u-container-style u-tab-active u-tab-pane u-white u-tab-pane-1\" id=\"tab-e64e\" role=\"tabpanel\" aria-labelledby=\"link-tab-e64e\">\n              <div class=\"u-container-layout u-container-layout-1\">\n                <img decoding=\"async\" alt=\"\" class=\"custom-expanded u-image u-image-default u-image-1\" src=\"https:\/\/longitudezen.be\/wp-content\/uploads\/2024\/01\/1Longitude_Zen_BLG_2944_6.jpg\" data-image-width=\"1920\" data-image-height=\"1280\">\n                <p class=\"u-text u-text-body-color u-text-2\"> Les uns souffrent de stress, de burn-out, d\u2019insomnie, de d\u00e9pression.<br>D\u2019autres ont couru un marathon, trop jar\u200bdin\u00e9 ou d\u00e9m\u00e9nag\u00e9 des meubles.<br>D\u2019autres encore veulent profiter d\u2019un pur bien-\u00eatre.<br>\n                  <br>NOUS NOUS ADAPTONS \u00c0 VOTRE BESOIN DU JOUR.\n                <\/p>\n              <\/div>\n            <\/div>\n            <div class=\"u-align-justify u-container-style u-tab-pane u-white u-tab-pane-2\" id=\"tab-a4c4\" role=\"tabpanel\" aria-labelledby=\"link-tab-a4c4\">\n              <div class=\"u-container-layout u-container-layout-2\">\n                <img decoding=\"async\" alt=\"\" class=\"custom-expanded u-image u-image-default u-image-2\" src=\"https:\/\/longitudezen.be\/wp-content\/uploads\/2024\/01\/WRK_00680060J.jpg\" data-image-width=\"2658\" data-image-height=\"2592\">\n                <p class=\"u-text u-text-body-color u-text-3\"> Une formation d\u2019ing\u00e9nieur, un parcours dans la finance et l\u2019enseignement nous ont port\u00e9s vers le massage puis cinq ann\u00e9es de formation en soins \u00e9nerg\u00e9tiques. Cette exp\u00e9rience vari\u00e9e est un atout, car elle nourrit notre capacit\u00e9 d\u2019\u00e9coute tant de vos paroles que de votre corps au sens large c\u2019est-\u00e0-dire aussi de percevoir vos ressentis.<\/p>\n              <\/div>\n            <\/div>\n            <div class=\"u-align-justify u-container-style u-tab-pane u-white u-tab-pane-3\" id=\"tab-135b\" role=\"tabpanel\" aria-labelledby=\"link-tab-135b\">\n              <div class=\"u-container-layout u-container-layout-3\">\n                <img decoding=\"async\" alt=\"\" class=\"custom-expanded u-image u-image-default u-image-3\" src=\"https:\/\/longitudezen.be\/wp-content\/uploads\/2024\/01\/longitude_zen_BLG_332347_8_xadj.jpg\" data-image-width=\"1105\" data-image-height=\"1191\">\n                <p class=\"u-text u-text-body-color u-text-4\"> Plusieurs s\u00e9jours en Inde alimentent notre vision de la vie. Les religions monoth\u00e9istes (dans l\u2019ordre historique&nbsp;: juive, chr\u00e9tienne et musulmane) gagnent \u00e0 s\u2019enrichir du regard des cultures bouddhiste et hindouiste.<br>Ces \u00e9clairages divers nourrissent notre approche des \u00e9quilibres physique, \u00e9motionnel, mental et spirituel des personnes qui viennent \u00e0 nous.\n                <\/p>\n              <\/div>\n            <\/div>\n            <div class=\"u-align-justify u-container-style u-tab-pane u-white u-tab-pane-4\" id=\"tab-2520\" role=\"tabpanel\" aria-labelledby=\"link-tab-2520\">\n              <div class=\"u-container-layout u-container-layout-4\">\n                <img decoding=\"async\" alt=\"\" class=\"custom-expanded u-image u-image-default u-image-4\" src=\"https:\/\/longitudezen.be\/wp-content\/uploads\/2024\/01\/DSC_0220.jpg\" data-image-width=\"3872\" data-image-height=\"2592\">\n                <p class=\"u-text u-text-body-color u-text-5\"> La s\u00e9ance que nous recommandons - 1h30 - permet de toucher l\u2019ensemble de vos besoins. Non\nseulement le massage \u00e0 l\u2019huile chaude enveloppe l\u2019enti\u00e8ret\u00e9 de votre corps, mais par notre interpr\u00e9tation de l\u2019Holistic Pulsing (bercements, secouement, d\u00e9tente, relaxation et l\u00e2cher-prise) nous touchons \u00e0 la partie subtile de votre personne.&nbsp;<\/p>\n              <\/div>\n            <\/div>\n          <\/div>\n        <\/div>\n      <\/div>\n    <\/section>\n    <section class=\"u-clearfix u-grey-10 u-section-2\" id=\"sec-4dc1\">\n      <div class=\"u-clearfix u-sheet u-sheet-1\"><\/div>\n    <\/section>\n    <section class=\"u-align-center u-clearfix u-palette-2-base u-section-3\" id=\"sec-57d1\">\n      <div class=\"u-clearfix u-sheet u-sheet-1\">\n        <div class=\"data-layout-selected u-clearfix u-expanded-width u-gutter-10 u-layout-wrap u-layout-wrap-1\">\n          <div class=\"u-gutter-0 u-layout\">\n            <div class=\"u-layout-row\">\n              <div class=\"u-size-30\">\n                <div class=\"u-layout-col\">\n                  <div class=\"u-align-left u-container-style u-layout-cell u-left-cell u-size-30 u-layout-cell-1\">\n                    <div class=\"u-container-layout u-container-layout-1\">\n                      <h2 class=\"u-align-center u-text u-text-1\">Longitude Zen<\/h2>\n                      <h4 class=\"u-align-center u-text u-text-2\">Massages et soins \u00e9nerg\u00e9tiques<\/h4>\n                    <\/div>\n                  <\/div>\n                  <div class=\"u-align-left u-container-style u-layout-cell u-left-cell u-size-30 u-layout-cell-2\">\n                    <div class=\"u-container-layout u-valign-bottom-sm u-valign-bottom-xs u-valign-top-lg u-valign-top-md u-valign-top-xl u-container-layout-2\">\n                      <div class=\"u-expanded-width-md u-expanded-width-sm u-expanded-width-xs u-video u-video-contain u-video-1\">\n                        <div class=\"embed-responsive embed-responsive-1\">\n                          <iframe style=\"position: absolute;top: 0;left: 0;width: 100%;height: 100%;\" class=\"embed-responsive-item\" src=\"https:\/\/www.youtube.com\/embed\/B8mpszhfUQM?mute=0&amp;showinfo=0&amp;controls=0&amp;start=0\" frameborder=\"0\" allowfullscreen=\"\"><\/iframe>\n                        <\/div>\n                      <\/div>\n                    <\/div>\n                  <\/div>\n                <\/div>\n              <\/div>\n              <div class=\"u-size-30\">\n                <div class=\"u-layout-col\">\n                  <div class=\"u-align-left u-container-style u-layout-cell u-right-cell u-size-60 u-layout-cell-3\">\n                    <div class=\"u-container-layout u-container-layout-3\">\n                      <div class=\"u-expanded u-grey-light-2 u-map\">\n                        <div class=\"embed-responsive\">\n                          <iframe class=\"embed-responsive-item\" src=\"https:\/\/maps.google.com\/maps?output=embed&amp;q=Val%20des%20Seigneurs%20139%20%20Bte12%20%201150%20Bruxelles&amp;z=10&amp;t=m\" data-map=\"JTdCJTIycG9zaXRpb25UeXBlJTIyJTNBJTIybWFwLWFkZHJlc3MlMjIlMkMlMjJhZGRyZXNzJTIyJTNBJTIyVmFsJTIwZGVzJTIwU2VpZ25ldXJzJTIwMTM5JTIwJTIwQnRlMTIlMjAlMjAxMTUwJTIwQnJ1eGVsbGVzJTIyJTJDJTIyem9vbSUyMiUzQTEwJTJDJTIydHlwZUlkJTIyJTNBJTIycm9hZCUyMiUyQyUyMmxhbmclMjIlM0ElMjIlMjIlN0Q=\"><\/iframe>\n                        <\/div>\n                      <\/div>\n                    <\/div>\n                  <\/div>\n                <\/div>\n              <\/div>\n            <\/div>\n          <\/div>\n        <\/div>\n      <\/div>\n    <\/section>\n    \n    \n    \n    \n  \n","protected":false},"excerpt":{"rendered":"<p>Notre sp\u00e9cificit\u00e9 est d\u2019\u00eatre masso-th\u00e9rapeute-\u00e9nerg\u00e9ticien, le massage est le terreau de notre p\u200bratique, l\u2019aspect \u00e9nerg\u00e9tique en est l\u2019alimentation et le th\u00e9rapeute habite cette pratique. Vos besoins Nos moyens Nos influences Notre protocole Les uns souffrent de stress, de burn-out, d\u2019insomnie, de d\u00e9pression.D\u2019autres ont couru un marathon, trop jar\u200bdin\u00e9 ou d\u00e9m\u00e9nag\u00e9 des meubles.D\u2019autres encore veulent profiter &hellip; <a href=\"https:\/\/longitudezen.be\/?page_id=615\" class=\"more-link\">Continue reading<span class=\"screen-reader-text\"> \u00ab\u00a0Informations\u00a0\u00bb<\/span><\/a><\/p>\n","protected":false},"author":2,"featured_media":0,"parent":0,"menu_order":2,"comment_status":"closed","ping_status":"closed","template":"","meta":{"footnotes":""},"class_list":["post-615","page","type-page","status-publish","hentry"],"_links":{"self":[{"href":"https:\/\/longitudezen.be\/index.php?rest_route=\/wp\/v2\/pages\/615","targetHints":{"allow":["GET"]}}],"collection":[{"href":"https:\/\/longitudezen.be\/index.php?rest_route=\/wp\/v2\/pages"}],"about":[{"href":"https:\/\/longitudezen.be\/index.php?rest_route=\/wp\/v2\/types\/page"}],"author":[{"embeddable":true,"href":"https:\/\/longitudezen.be\/index.php?rest_route=\/wp\/v2\/users\/2"}],"replies":[{"embeddable":true,"href":"https:\/\/longitudezen.be\/index.php?rest_route=%2Fwp%2Fv2%2Fcomments&post=615"}],"version-history":[{"count":1,"href":"https:\/\/longitudezen.be\/index.php?rest_route=\/wp\/v2\/pages\/615\/revisions"}],"predecessor-version":[{"id":617,"href":"https:\/\/longitudezen.be\/index.php?rest_route=\/wp\/v2\/pages\/615\/revisions\/617"}],"wp:attachment":[{"href":"https:\/\/longitudezen.be\/index.php?rest_route=%2Fwp%2Fv2%2Fmedia&parent=615"}],"curies":[{"name":"wp","href":"https:\/\/api.w.org\/{rel}","templated":true}]}}